{"id":9,"date":"2020-11-08T21:53:07","date_gmt":"2020-11-09T00:53:07","guid":{"rendered":"https:\/\/xn--larositacabaas-1nb.com.ar\/web\/home\/"},"modified":"2023-01-03T19:41:12","modified_gmt":"2023-01-03T22:41:12","slug":"portada","status":"publish","type":"page","link":"https:\/\/xn--larositacabaas-1nb.com.ar\/web\/","title":{"rendered":"Portada"},"content":{"rendered":"\n\n\n\n<p>\nEl sitio so\u00f1ado para tu descanso<\/p>\n\n\n\n\n<p>NUESTRAS CABA\u00d1AS<\/p>\n\n\n\n\n\n\n\n\n\n\n\n\n<span style=\"font-size: 50px\"><br><\/span><p><br><\/p>\n\n\n<span style=\"font-size: 50px\"><br><\/span><p><br><\/p>\n\n\n<p><span style=\"font-size: 50px\">&nbsp;S<\/span><\/p>\n\n\n\n\n\n\n<p>Nuestros servicios<\/p>\n\n\n\n<p>Piscina&nbsp; de temporada al aire libre con solarium<\/p>\n\n\n<p>Nuestas caba\u00f1as cuentan con aire acondicionado y calefacci\u00f3n<\/p>\n\n\n<p>Contamos con el servicio de televisi\u00f3n satelital en todas nuestras caba\u00f1as<\/p>\n\n\n<p>Servicio de internet gratuito para nuestros hu\u00e9spedes<\/p>\n\n\n<p>Cada caba\u00f1a cuenta con su propia cochera cubierta<\/p>\n\n\n<p>cada una cuenta con patio, zona de estar, zona de comedor y cocina equipada con horno, microondas y tostadora. Tambi\u00e9n incluyen ba\u00f1o privado con art\u00edculos de aseo gratuitos y toallas<br><\/p>\n\n\n<p>Nuestro predio esta totalmente parquizado para su esparcimiento&nbsp;<\/p>\n\n\n<p>Cada caba\u00f1a cuenta con su propio parrillero&nbsp;<\/p>\n\n\n\n\n\n\n<h1>DESCUBR\u00cd VALLE FERTIL<\/h1>\n\n<p>Nuestras caba\u00f1as se encuentran en un lugar privilegiado de Valle F\u00e9rtil a 250KM de la Ciudad de San Juan Capital y A 75 km se encuentra el Parque Provincial Ischigualasto. Seguro lo conoc\u00e9s como \u201cValle de la Luna\u201d por las im\u00e1genes que conoces. . Sus reconocidas formaciones geol\u00f3gicas y su riqueza paleontol\u00f3gica contribuyen al valor e importancia de este sitio que fue declarado Patrimonio de la Humanidad por la UNESCO en conjunto con el Parque Nacional Talampaya.<\/p>\n<p>Valle F\u00e9rtil es un oasis natural, se destaca por su vegetaci\u00f3n variada entre las que se encuentran cardones, jarillas, cactus y algarrobos entre otros.<br><\/p>\n\n\n\n<p>.<\/p>\n\n\n\n\n<p>contacto<\/p>\n\n\n\n\n\n\n\n\n\n\n\n\n\n\n\n\n\n\n<p>Consultas<\/p>\n\n<p>Escribinos tus consultas o dudas&nbsp;<\/p>\n\n\n\n\n\n\n\n\n\n\n\n\nCaba\u00f1as la rosita\n\n\n\n\n\n\n<p>ESTAMOS LISTOS PARA CUIDARTE<\/p>\n\n\n\n\n\n<p>Establecimiento Seguro es un nuevo certificado otorgado en conjunto por el Ministerio de Turismo y Cultura, y el Ministerio de Salud P\u00fablica de la provincia de San Juan.<\/p><p>El sello Establecimiento Seguro est\u00e1 orientado a que San Juan sea un destino seguro, tanto para los turistas como para la poblaci\u00f3n local. Los prestadores tur\u00edsticos lo obtienen mediante una capacitaci\u00f3n sobre los protocolos de sanidad vigentes avalados por el Ministerio de Salud P\u00fablica<\/p>\n\n\n\n\n\n","protected":false},"excerpt":{"rendered":"","protected":false},"author":1,"featured_media":0,"parent":0,"menu_order":0,"comment_status":"closed","ping_status":"closed","template":"","meta":{"pagelayer_contact_templates":[],"_pagelayer_content":"","_bos_mb_destination":[""],"_joinchat":{"telephone":"+542645672680"}},"_links":{"self":[{"href":"https:\/\/xn--larositacabaas-1nb.com.ar\/web\/wp-json\/wp\/v2\/pages\/9"}],"collection":[{"href":"https:\/\/xn--larositacabaas-1nb.com.ar\/web\/wp-json\/wp\/v2\/pages"}],"about":[{"href":"https:\/\/xn--larositacabaas-1nb.com.ar\/web\/wp-json\/wp\/v2\/types\/page"}],"author":[{"embeddable":true,"href":"https:\/\/xn--larositacabaas-1nb.com.ar\/web\/wp-json\/wp\/v2\/users\/1"}],"replies":[{"embeddable":true,"href":"https:\/\/xn--larositacabaas-1nb.com.ar\/web\/wp-json\/wp\/v2\/comments?post=9"}],"version-history":[{"count":53,"href":"https:\/\/xn--larositacabaas-1nb.com.ar\/web\/wp-json\/wp\/v2\/pages\/9\/revisions"}],"predecessor-version":[{"id":950,"href":"https:\/\/xn--larositacabaas-1nb.com.ar\/web\/wp-json\/wp\/v2\/pages\/9\/revisions\/950"}],"wp:attachment":[{"href":"https:\/\/xn--larositacabaas-1nb.com.ar\/web\/wp-json\/wp\/v2\/media?parent=9"}],"curies":[{"name":"wp","href":"https:\/\/api.w.org\/{rel}","templated":true}]}}